{"id":6850,"date":"2019-08-06T08:50:38","date_gmt":"2019-08-06T06:50:38","guid":{"rendered":"https:\/\/www.cibx.de\/?page_id=6850"},"modified":"2019-08-06T08:50:38","modified_gmt":"2019-08-06T06:50:38","slug":"wartungsseite","status":"publish","type":"page","link":"https:\/\/cibx.de\/en\/wartungsseite\/","title":{"rendered":"Wartungsseite"},"content":{"rendered":"<h2> Wartungsarbeiten <\/h2>\n<h3>Herzlich Willkommen auf cibX.de<br \/>\n<\/h3>\n<h3>Wir f\u00fchren derzeit Wartungsarbeiten durch, doch hoffen wir in K\u00fcrze wieder f\u00fcr Sie dasein zu k\u00f6nnen.<br \/>\n<\/h3>\n<h3>Wir bitten um ihr Verst\u00e4ndnis und freuen uns auf ein Wiedersehen.<br \/>\n<\/h3>\n<p>\t\t\t\t\t\t\t\t\t\t<img fetchpriority=\"high\" decoding=\"async\" width=\"601\" height=\"308\" src=\"https:\/\/www.cibx.de\/WordPress_SecureMode_01\/wp-content\/uploads\/2019\/03\/cibX_solo_RGB8917142.jpg\" alt=\"\" srcset=\"https:\/\/www.cibx.de\/WordPress_SecureMode_01\/wp-content\/uploads\/2019\/03\/cibX_solo_RGB8917142.jpg 601w, https:\/\/www.cibx.de\/WordPress_SecureMode_01\/wp-content\/uploads\/2019\/03\/cibX_solo_RGB8917142-300x154.jpg 300w, https:\/\/www.cibx.de\/WordPress_SecureMode_01\/wp-content\/uploads\/2019\/03\/cibX_solo_RGB8917142-600x308.jpg 600w\" sizes=\"(max-width: 601px) 100vw, 601px\" \/><\/p>\n<h3>M\u00f6chten Sie zwischenzeitlich direkt mit uns Kontakt aufnehmen?<br \/>\n<\/h3>\n<h3>Online-Registrierung<\/h3>\n<p>Schicken Sie uns eine E-Mail an:<br \/>support@cibx.de<\/p>\n<h3>Telefonischer Support<\/h3>\n<p>Rufen Sie unsere Hotline an:<br \/>\n9:00- 16:00 Uhr<br \/>\n+49(0)2571-1395555\n<\/p>\n<h3>Login zum Portal<\/h3>\n<p><a href=\"https:\/\/cibx.ram.m2m.telekom.com\/apps\/smartstick\/index.html#\/\" target=\"_blank\" rel=\"noopener noreferrer\">Hier kommen Sie direkt zu unserem Portal:<\/a><\/p>","protected":false},"excerpt":{"rendered":"<p>Wartungsarbeiten Herzlich Willkommen auf cibX.de Wir f\u00fchren derzeit Wartungsarbeiten durch, doch hoffen wir in K\u00fcrze wieder f\u00fcr Sie dasein zu k\u00f6nnen. Wir bitten um ihr Verst\u00e4ndnis und freuen uns auf ein Wiedersehen. M\u00f6chten Sie zwischenzeitlich direkt mit uns Kontakt aufnehmen? Online-Registrierung Schicken Sie uns eine E-Mail an:support@cibx.de Telefonischer Support Rufen Sie unsere Hotline an: 9:00- [&hellip;]<\/p>\n","protected":false},"author":9,"featured_media":0,"parent":0,"menu_order":0,"comment_status":"closed","ping_status":"closed","template":"elementor_canvas","meta":{"site-sidebar-layout":"default","site-content-layout":"","ast-site-content-layout":"default","site-content-style":"default","site-sidebar-style":"default","ast-global-header-display":"","ast-banner-title-visibility":"","ast-main-header-display":"","ast-hfb-above-header-display":"","ast-hfb-below-header-display":"","ast-hfb-mobile-header-display":"","site-post-title":"","ast-breadcrumbs-content":"","ast-featured-img":"","footer-sml-layout":"","ast-disable-related-posts":"","theme-transparent-header-meta":"","adv-header-id-meta":"","stick-header-meta":"","header-above-stick-meta":"","header-main-stick-meta":"","header-below-stick-meta":"","astra-migrate-meta-layouts":"default","ast-page-background-enabled":"default","ast-page-background-meta":{"desktop":{"background-color":"var(--ast-global-color-4)","background-image":"","background-repeat":"repeat","background-position":"center center","background-size":"auto","background-attachment":"scroll","background-type":"","background-media":"","overlay-type":"","overlay-color":"","overlay-opacity":"","overlay-gradient":""},"tablet":{"background-color":"","background-image":"","background-repeat":"repeat","background-position":"center center","background-size":"auto","background-attachment":"scroll","background-type":"","background-media":"","overlay-type":"","overlay-color":"","overlay-opacity":"","overlay-gradient":""},"mobile":{"background-color":"","background-image":"","background-repeat":"repeat","background-position":"center center","background-size":"auto","background-attachment":"scroll","background-type":"","background-media":"","overlay-type":"","overlay-color":"","overlay-opacity":"","overlay-gradient":""}},"ast-content-background-meta":{"desktop":{"background-color":"var(--ast-global-color-5)","background-image":"","background-repeat":"repeat","background-position":"center center","background-size":"auto","background-attachment":"scroll","background-type":"","background-media":"","overlay-type":"","overlay-color":"","overlay-opacity":"","overlay-gradient":""},"tablet":{"background-color":"var(--ast-global-color-5)","background-image":"","background-repeat":"repeat","background-position":"center center","background-size":"auto","background-attachment":"scroll","background-type":"","background-media":"","overlay-type":"","overlay-color":"","overlay-opacity":"","overlay-gradient":""},"mobile":{"background-color":"var(--ast-global-color-5)","background-image":"","background-repeat":"repeat","background-position":"center center","background-size":"auto","background-attachment":"scroll","background-type":"","background-media":"","overlay-type":"","overlay-color":"","overlay-opacity":"","overlay-gradient":""}},"_themeisle_gutenberg_block_has_review":false,"footnotes":""},"class_list":["post-6850","page","type-page","status-publish","hentry"],"_links":{"self":[{"href":"https:\/\/cibx.de\/en\/wp-json\/wp\/v2\/pages\/6850","targetHints":{"allow":["GET"]}}],"collection":[{"href":"https:\/\/cibx.de\/en\/wp-json\/wp\/v2\/pages"}],"about":[{"href":"https:\/\/cibx.de\/en\/wp-json\/wp\/v2\/types\/page"}],"author":[{"embeddable":true,"href":"https:\/\/cibx.de\/en\/wp-json\/wp\/v2\/users\/9"}],"replies":[{"embeddable":true,"href":"https:\/\/cibx.de\/en\/wp-json\/wp\/v2\/comments?post=6850"}],"version-history":[{"count":0,"href":"https:\/\/cibx.de\/en\/wp-json\/wp\/v2\/pages\/6850\/revisions"}],"wp:attachment":[{"href":"https:\/\/cibx.de\/en\/wp-json\/wp\/v2\/media?parent=6850"}],"curies":[{"name":"wp","href":"https:\/\/api.w.org\/{rel}","templated":true}]}}