{"id":46,"date":"2023-08-15T11:57:01","date_gmt":"2023-08-15T09:57:01","guid":{"rendered":"https:\/\/cibx.de\/?page_id=46"},"modified":"2025-06-13T13:15:42","modified_gmt":"2025-06-13T11:15:42","slug":"impressum-cibx","status":"publish","type":"page","link":"https:\/\/cibx.de\/en\/impressum-cibx\/","title":{"rendered":"Impressum cibX"},"content":{"rendered":"<div data-elementor-type=\"wp-page\" data-elementor-id=\"46\" class=\"elementor elementor-46\" data-elementor-post-type=\"page\">\n\t\t\t\t<div class=\"elementor-element elementor-element-517ce44 e-flex e-con-boxed e-con e-parent\" data-id=\"517ce44\" data-element_type=\"container\" data-e-type=\"container\">\n\t\t\t\t\t<div class=\"e-con-inner\">\n\t\t\t\t<div class=\"elementor-element elementor-element-4276ba0 elementor-widget elementor-widget-heading\" data-id=\"4276ba0\" data-element_type=\"widget\" data-e-type=\"widget\" data-widget_type=\"heading.default\">\n\t\t\t\t<div class=\"elementor-widget-container\">\n\t\t\t\t\t<h2 class=\"elementor-heading-title elementor-size-default\">Imprint<\/h2>\t\t\t\t<\/div>\n\t\t\t\t<\/div>\n\t\t\t\t\t<\/div>\n\t\t\t\t<\/div>\n\t\t<div class=\"elementor-element elementor-element-33a688f e-flex e-con-boxed e-con e-parent\" data-id=\"33a688f\" data-element_type=\"container\" data-e-type=\"container\">\n\t\t\t\t\t<div class=\"e-con-inner\">\n\t\t<div class=\"elementor-element elementor-element-0cc04e6 e-con-full e-flex e-con e-child\" data-id=\"0cc04e6\" data-element_type=\"container\" data-e-type=\"container\">\n\t\t\t\t<div class=\"elementor-element elementor-element-20c6ab7 elementor-widget elementor-widget-heading\" data-id=\"20c6ab7\" data-element_type=\"widget\" data-e-type=\"widget\" data-widget_type=\"heading.default\">\n\t\t\t\t<div class=\"elementor-widget-container\">\n\t\t\t\t\t<h2 class=\"elementor-heading-title elementor-size-default\">Sales - Accounting - Marketing - Development <\/h2>\t\t\t\t<\/div>\n\t\t\t\t<\/div>\n\t\t\t\t<div class=\"elementor-element elementor-element-56f9476 elementor-widget elementor-widget-text-editor\" data-id=\"56f9476\" data-element_type=\"widget\" data-e-type=\"widget\" data-widget_type=\"text-editor.default\">\n\t\t\t\t<div class=\"elementor-widget-container\">\n\t\t\t\t\t\t\t\t\t<p>cibX GmbH<br \/>Airportpark West<br \/>Otto-Lilienthal-Str. 20<br \/>D-48268 Greven<\/p>\t\t\t\t\t\t\t\t<\/div>\n\t\t\t\t<\/div>\n\t\t\t\t<div class=\"elementor-element elementor-element-6a83497 elementor-icon-list--layout-traditional elementor-list-item-link-full_width elementor-widget elementor-widget-icon-list\" data-id=\"6a83497\" data-element_type=\"widget\" data-e-type=\"widget\" data-widget_type=\"icon-list.default\">\n\t\t\t\t<div class=\"elementor-widget-container\">\n\t\t\t\t\t\t\t<ul class=\"elementor-icon-list-items\">\n\t\t\t\t\t\t\t<li class=\"elementor-icon-list-item\">\n\t\t\t\t\t\t\t\t\t\t\t<span class=\"elementor-icon-list-icon\">\n\t\t\t\t\t\t\t<svg aria-hidden=\"true\" class=\"e-font-icon-svg e-far-envelope\" viewbox=\"0 0 512 512\" xmlns=\"http:\/\/www.w3.org\/2000\/svg\"><path d=\"M464 64H48C21.49 64 0 85.49 0 112v288c0 26.51 21.49 48 48 48h416c26.51 0 48-21.49 48-48V112c0-26.51-21.49-48-48-48zm0 48v40.805c-22.422 18.259-58.168 46.651-134.587 106.49-16.841 13.247-50.201 45.072-73.413 44.701-23.208.375-56.579-31.459-73.413-44.701C106.18 199.465 70.425 171.067 48 152.805V112h416zM48 400V214.398c22.914 18.251 55.409 43.862 104.938 82.646 21.857 17.205 60.134 55.186 103.062 54.955 42.717.231 80.509-37.199 103.053-54.947 49.528-38.783 82.032-64.401 104.947-82.653V400H48z\"><\/path><\/svg>\t\t\t\t\t\t<\/span>\n\t\t\t\t\t\t\t\t\t\t<span class=\"elementor-icon-list-text\">info@cibx.de<\/span>\n\t\t\t\t\t\t\t\t\t<\/li>\n\t\t\t\t\t\t\t\t<li class=\"elementor-icon-list-item\">\n\t\t\t\t\t\t\t\t\t\t\t<span class=\"elementor-icon-list-icon\">\n\t\t\t\t\t\t\t<svg aria-hidden=\"true\" class=\"e-font-icon-svg e-fas-phone-alt\" viewbox=\"0 0 512 512\" xmlns=\"http:\/\/www.w3.org\/2000\/svg\"><path d=\"M497.39 361.8l-112-48a24 24 0 0 0-28 6.9l-49.6 60.6A370.66 370.66 0 0 1 130.6 204.11l60.6-49.6a23.94 23.94 0 0 0 6.9-28l-48-112A24.16 24.16 0 0 0 122.6.61l-104 24A24 24 0 0 0 0 48c0 256.5 207.9 464 464 464a24 24 0 0 0 23.4-18.6l24-104a24.29 24.29 0 0 0-14.01-27.6z\"><\/path><\/svg>\t\t\t\t\t\t<\/span>\n\t\t\t\t\t\t\t\t\t\t<span class=\"elementor-icon-list-text\">+49 2571 95777 01<\/span>\n\t\t\t\t\t\t\t\t\t<\/li>\n\t\t\t\t\t\t\t\t<li class=\"elementor-icon-list-item\">\n\t\t\t\t\t\t\t\t\t\t\t<span class=\"elementor-icon-list-icon\">\n\t\t\t\t\t\t\t<svg aria-hidden=\"true\" class=\"e-font-icon-svg e-fas-fax\" viewbox=\"0 0 512 512\" xmlns=\"http:\/\/www.w3.org\/2000\/svg\"><path d=\"M480 160V77.25a32 32 0 0 0-9.38-22.63L425.37 9.37A32 32 0 0 0 402.75 0H160a32 32 0 0 0-32 32v448a32 32 0 0 0 32 32h320a32 32 0 0 0 32-32V192a32 32 0 0 0-32-32zM288 432a16 16 0 0 1-16 16h-32a16 16 0 0 1-16-16v-32a16 16 0 0 1 16-16h32a16 16 0 0 1 16 16zm0-128a16 16 0 0 1-16 16h-32a16 16 0 0 1-16-16v-32a16 16 0 0 1 16-16h32a16 16 0 0 1 16 16zm128 128a16 16 0 0 1-16 16h-32a16 16 0 0 1-16-16v-32a16 16 0 0 1 16-16h32a16 16 0 0 1 16 16zm0-128a16 16 0 0 1-16 16h-32a16 16 0 0 1-16-16v-32a16 16 0 0 1 16-16h32a16 16 0 0 1 16 16zm0-112H192V64h160v48a16 16 0 0 0 16 16h48zM64 128H32a32 32 0 0 0-32 32v320a32 32 0 0 0 32 32h32a32 32 0 0 0 32-32V160a32 32 0 0 0-32-32z\"><\/path><\/svg>\t\t\t\t\t\t<\/span>\n\t\t\t\t\t\t\t\t\t\t<span class=\"elementor-icon-list-text\">+49 2571 95777 29<\/span>\n\t\t\t\t\t\t\t\t\t<\/li>\n\t\t\t\t\t\t<\/ul>\n\t\t\t\t\t\t<\/div>\n\t\t\t\t<\/div>\n\t\t\t\t<\/div>\n\t\t<div class=\"elementor-element elementor-element-5b23fcf e-con-full e-flex e-con e-child\" data-id=\"5b23fcf\" data-element_type=\"container\" data-e-type=\"container\">\n\t\t\t\t<div class=\"elementor-element elementor-element-59b3ca8 elementor-widget elementor-widget-heading\" data-id=\"59b3ca8\" data-element_type=\"widget\" data-e-type=\"widget\" data-widget_type=\"heading.default\">\n\t\t\t\t<div class=\"elementor-widget-container\">\n\t\t\t\t\t<h2 class=\"elementor-heading-title elementor-size-default\">Office<\/h2>\t\t\t\t<\/div>\n\t\t\t\t<\/div>\n\t\t\t\t<div class=\"elementor-element elementor-element-4dde64b elementor-widget elementor-widget-text-editor\" data-id=\"4dde64b\" data-element_type=\"widget\" data-e-type=\"widget\" data-widget_type=\"text-editor.default\">\n\t\t\t\t<div class=\"elementor-widget-container\">\n\t\t\t\t\t\t\t\t\t<p>cibX GmbH<br \/>Weitkampweg 87<br \/>D-48161 M\u00fcnster<\/p>\t\t\t\t\t\t\t\t<\/div>\n\t\t\t\t<\/div>\n\t\t\t\t<\/div>\n\t\t<div class=\"elementor-element elementor-element-e302449 e-con-full e-flex e-con e-child\" data-id=\"e302449\" data-element_type=\"container\" data-e-type=\"container\">\n\t\t\t\t<div class=\"elementor-element elementor-element-ab49262 elementor-widget elementor-widget-heading\" data-id=\"ab49262\" data-element_type=\"widget\" data-e-type=\"widget\" data-widget_type=\"heading.default\">\n\t\t\t\t<div class=\"elementor-widget-container\">\n\t\t\t\t\t<h2 class=\"elementor-heading-title elementor-size-default\">Sales - Consulting<\/h2>\t\t\t\t<\/div>\n\t\t\t\t<\/div>\n\t\t\t\t<div class=\"elementor-element elementor-element-b14c4ec elementor-widget elementor-widget-text-editor\" data-id=\"b14c4ec\" data-element_type=\"widget\" data-e-type=\"widget\" data-widget_type=\"text-editor.default\">\n\t\t\t\t<div class=\"elementor-widget-container\">\n\t\t\t\t\t\t\t\t\t<p>cibX GmbH<br \/>Trimburgstr. 2<br \/>D-81249 M\u00fcnchen<\/p>\t\t\t\t\t\t\t\t<\/div>\n\t\t\t\t<\/div>\n\t\t\t\t<\/div>\n\t\t\t\t\t<\/div>\n\t\t\t\t<\/div>\n\t\t<div class=\"elementor-element elementor-element-9c609a3 e-flex e-con-boxed e-con e-parent\" data-id=\"9c609a3\" data-element_type=\"container\" data-e-type=\"container\">\n\t\t\t\t\t<div class=\"e-con-inner\">\n\t\t\t\t<div class=\"elementor-element elementor-element-c2d1f59 elementor-widget elementor-widget-text-editor\" data-id=\"c2d1f59\" data-element_type=\"widget\" data-e-type=\"widget\" data-widget_type=\"text-editor.default\">\n\t\t\t\t<div class=\"elementor-widget-container\">\n\t\t\t\t\t\t\t\t\t<p><strong>CEO:<\/strong> Ralf Dr\u00fcge<br \/><strong>Commercial register:<\/strong> Amtsgericht M\u00fcnster HRB 14158<br \/><strong>VAT identification number:<\/strong> DE286389113<br \/><strong>Press officer:<\/strong> Timothy Ferrier, Phone: +49 2571 95777 22, Mail: t.ferrier@cibx.de<\/p>\t\t\t\t\t\t\t\t<\/div>\n\t\t\t\t<\/div>\n\t\t\t\t\t<\/div>\n\t\t\t\t<\/div>\n\t\t<div class=\"elementor-element elementor-element-a7dc994 e-flex e-con-boxed e-con e-parent\" data-id=\"a7dc994\" data-element_type=\"container\" data-e-type=\"container\">\n\t\t\t\t\t<div class=\"e-con-inner\">\n\t\t\t\t<div class=\"elementor-element elementor-element-f3cbf92 elementor-widget elementor-widget-heading\" data-id=\"f3cbf92\" data-element_type=\"widget\" data-e-type=\"widget\" data-widget_type=\"heading.default\">\n\t\t\t\t<div class=\"elementor-widget-container\">\n\t\t\t\t\t<h2 class=\"elementor-heading-title elementor-size-default\">Notes on using our address<\/h2>\t\t\t\t<\/div>\n\t\t\t\t<\/div>\n\t\t\t\t<div class=\"elementor-element elementor-element-940cc80 elementor-widget elementor-widget-text-editor\" data-id=\"940cc80\" data-element_type=\"widget\" data-e-type=\"widget\" data-widget_type=\"text-editor.default\">\n\t\t\t\t<div class=\"elementor-widget-container\">\n\t\t\t\t\t\t\t\t\t<p>The use of the contact details in the imprint for commercial advertising is expressly not desired unless cibX GmbH has previously given its written consent or a business relationship already exists.  The provider and all persons named on this website hereby object to any commercial use and disclosure of their data.<\/p>\t\t\t\t\t\t\t\t<\/div>\n\t\t\t\t<\/div>\n\t\t\t\t\t<\/div>\n\t\t\t\t<\/div>\n\t\t<div class=\"elementor-element elementor-element-ce0fede e-flex e-con-boxed e-con e-parent\" data-id=\"ce0fede\" data-element_type=\"container\" data-e-type=\"container\">\n\t\t\t\t\t<div class=\"e-con-inner\">\n\t\t\t\t<div class=\"elementor-element elementor-element-62dd220 elementor-widget elementor-widget-heading\" data-id=\"62dd220\" data-element_type=\"widget\" data-e-type=\"widget\" data-widget_type=\"heading.default\">\n\t\t\t\t<div class=\"elementor-widget-container\">\n\t\t\t\t\t<h2 class=\"elementor-heading-title elementor-size-default\">Photo credits<\/h2>\t\t\t\t<\/div>\n\t\t\t\t<\/div>\n\t\t\t\t<div class=\"elementor-element elementor-element-c1e3be7 elementor-widget elementor-widget-text-editor\" data-id=\"c1e3be7\" data-element_type=\"widget\" data-e-type=\"widget\" data-widget_type=\"text-editor.default\">\n\t\t\t\t<div class=\"elementor-widget-container\">\n\t\t\t\t\t\t\t\t\t<p>\u00a9 cibX GmbH<br \/>For all images that are not listed further, the copyright lies with cibX GmbH.<\/p><p>\u00a9 Der Mittelstand, BVMW<br \/>Partner logo \u201eDer Mittelstand, BVMW e.V.\u201c<\/p><p>\u00a9 Deutsche Telekom AG<br \/>Partner logo \u201eTelekom\u201c<\/p><p>\u00a9 FH M\u00fcnster<br \/>Partner logo \u201eFH M\u00fcnster\u201c &amp; Partner logo \u201eFB Elektrotechnik und Informatik\u201c<\/p><p>\u00a9 HL7 Deutschland e.V.<br \/>Partner logo \u201eHL7 Deutschland\u201c<\/p><p>\u00a9 Institut f\u00fcr Kommunikationswissenschaft der Universit\u00e4t M\u00fcnster<br \/>Partner logo \u201eInstitut f\u00fcr Kommunikationswissenschaft\u201c<\/p><p>\u00a9 IU Internationale Hochschule GmbH<br \/>Partner logo \u201eiu Internationale Hochschule\u201c<\/p><p>\u00a9 IWS Innovations- und Wissensstrategien GmbH<br \/>Partner logo \u201eAIMECA\u201c<\/p><p>\u00a9 Netzwerk Gesundheitswirtschaft M\u00fcnsterland e.V.<br \/>Partner logo \u201eNetzwerk Gesundheitswirtschaft M\u00fcnsterland e.V.\u201c<\/p><p>\u00a9 Wirtschaftswissenschaftliche Fakult\u00e4t<br \/>Partner logo \u201eWirtschaftswissenschaftliche Fakult\u00e4t\u201c<\/p><p>\u00a9 Freepik.com<br \/>Blog \u201cPost images\u201d: various<\/p><p>\u00a9 Pixabay.com<br \/>Blog \u201cPost images\u201d: various<\/p><p>\u00a9 Unsplash.com<br \/>Blog \u201cPost images\u201d: various<\/p>\t\t\t\t\t\t\t\t<\/div>\n\t\t\t\t<\/div>\n\t\t\t\t\t<\/div>\n\t\t\t\t<\/div>\n\t\t<div class=\"elementor-element elementor-element-0518258 e-flex e-con-boxed e-con e-parent\" data-id=\"0518258\" data-element_type=\"container\" data-e-type=\"container\">\n\t\t\t\t\t<div class=\"e-con-inner\">\n\t\t\t\t<div class=\"elementor-element elementor-element-17eb6f5 elementor-widget elementor-widget-heading\" data-id=\"17eb6f5\" data-element_type=\"widget\" data-e-type=\"widget\" data-widget_type=\"heading.default\">\n\t\t\t\t<div class=\"elementor-widget-container\">\n\t\t\t\t\t<h2 class=\"elementor-heading-title elementor-size-default\">Disclaimer<\/h2>\t\t\t\t<\/div>\n\t\t\t\t<\/div>\n\t\t\t\t<div class=\"elementor-element elementor-element-f985665 elementor-widget elementor-widget-text-editor\" data-id=\"f985665\" data-element_type=\"widget\" data-e-type=\"widget\" data-widget_type=\"text-editor.default\">\n\t\t\t\t<div class=\"elementor-widget-container\">\n\t\t\t\t\t\t\t\t\t<p><strong>Liability for content<br \/><\/strong>As a service provider, we are responsible for our own content on these pages in accordance with general laws in accordance with Section 7 Paragraph 1 TMG.  However, according to Sections 8 to 10 TMG, as a service provider we are not obliged to monitor transmitted or stored third-party information or to investigate circumstances that indicate illegal activity.<br \/>Obligations to remove or block the use of information in accordance with general law remain unaffected.  However, liability in this regard is only possible from the point in time at which knowledge of a specific infringement of the law is known.  If we become aware of any corresponding legal violations, we will immediately remove this content.<\/p><p><strong>Liability for links<br \/><\/strong>Our offer contains links to external third-party websites over whose content we have no influence.  Therefore we cannot assume any liability for this external content.  The respective provider or operator of the pages is always responsible for the content of the linked pages.  The linked pages were checked for possible legal violations at the time of linking.  Illegal content was not apparent at the time of linking.<br \/>However, permanent control of the content of the linked pages is unreasonable without concrete evidence of a legal violation.  If we become aware of any legal violations, we will immediately remove such links.<\/p><p><strong>Copyright<br \/><\/strong>The content and works on these pages created by the site operators are subject to German copyright law.  Reproduction, processing, distribution and any kind of exploitation outside the limits of copyright law require the written consent of the respective author or creator.  Downloads and copies of this page are only permitted for private, non-commercial use.<br \/>If the content on this site was not created by the operator, the copyrights of third parties are respected.  In particular contents of third parties are marked as such.  Should you nevertheless become aware of a copyright infringement, we ask that you notify us accordingly.  As soon as we become aware of legal violations, we will remove such content immediately.<\/p>\t\t\t\t\t\t\t\t<\/div>\n\t\t\t\t<\/div>\n\t\t\t\t<div class=\"elementor-element elementor-element-0813703 elementor-widget elementor-widget-text-editor\" data-id=\"0813703\" data-element_type=\"widget\" data-e-type=\"widget\" data-widget_type=\"text-editor.default\">\n\t\t\t\t<div class=\"elementor-widget-container\">\n\t\t\t\t\t\t\t\t\tAs of: August 15, 2023\t\t\t\t\t\t\t\t<\/div>\n\t\t\t\t<\/div>\n\t\t\t\t\t<\/div>\n\t\t\t\t<\/div>\n\t\t\t\t<\/div>","protected":false},"excerpt":{"rendered":"<p>Impressum Sales &#8211; Accounting &#8211; Marketing &#8211; Development cibX GmbHAirportpark WestOtto-Lilienthal-Str. 2048268 Greven info@cibx.de +49 2571 95777 01 +49 2571 95777 29 Firmensitz cibX GmbHWeitkampweg 8748161 M\u00fcnster Sales &#8211; Consulting cibX GmbHTrimburgstr. 281249 M\u00fcnchen Gesch\u00e4ftsf\u00fchrer: Ralf Dr\u00fcgeHandelsregister: Amtsgericht M\u00fcnster HRB 14158Umsatzsteueridentifikationsnummer: DE286389113Presseverantwortlicher: Timothy Ferrier, Telefon: +49 2571 95777 22, E-Mail: t.ferrier@cibx.de Hinweise zur Verwendung unserer [&hellip;]<\/p>\n","protected":false},"author":1,"featured_media":0,"parent":0,"menu_order":0,"comment_status":"closed","ping_status":"closed","template":"","meta":{"site-sidebar-layout":"no-sidebar","site-content-layout":"page-builder","ast-site-content-layout":"default","site-content-style":"default","site-sidebar-style":"default","ast-global-header-display":"","ast-banner-title-visibility":"","ast-main-header-display":"","ast-hfb-above-header-display":"","ast-hfb-below-header-display":"","ast-hfb-mobile-header-display":"","site-post-title":"disabled","ast-breadcrumbs-content":"","ast-featured-img":"disabled","footer-sml-layout":"","ast-disable-related-posts":"","theme-transparent-header-meta":"","adv-header-id-meta":"","stick-header-meta":"","header-above-stick-meta":"","header-main-stick-meta":"","header-below-stick-meta":"","astra-migrate-meta-layouts":"default","ast-page-background-enabled":"default","ast-page-background-meta":{"desktop":{"background-color":"var(--ast-global-color-4)","background-image":"","background-repeat":"repeat","background-position":"center center","background-size":"auto","background-attachment":"scroll","background-type":"","background-media":"","overlay-type":"","overlay-color":"","overlay-opacity":"","overlay-gradient":""},"tablet":{"background-color":"","background-image":"","background-repeat":"repeat","background-position":"center center","background-size":"auto","background-attachment":"scroll","background-type":"","background-media":"","overlay-type":"","overlay-color":"","overlay-opacity":"","overlay-gradient":""},"mobile":{"background-color":"","background-image":"","background-repeat":"repeat","background-position":"center center","background-size":"auto","background-attachment":"scroll","background-type":"","background-media":"","overlay-type":"","overlay-color":"","overlay-opacity":"","overlay-gradient":""}},"ast-content-background-meta":{"desktop":{"background-color":"var(--ast-global-color-5)","background-image":"","background-repeat":"repeat","background-position":"center center","background-size":"auto","background-attachment":"scroll","background-type":"","background-media":"","overlay-type":"","overlay-color":"","overlay-opacity":"","overlay-gradient":""},"tablet":{"background-color":"var(--ast-global-color-5)","background-image":"","background-repeat":"repeat","background-position":"center center","background-size":"auto","background-attachment":"scroll","background-type":"","background-media":"","overlay-type":"","overlay-color":"","overlay-opacity":"","overlay-gradient":""},"mobile":{"background-color":"var(--ast-global-color-5)","background-image":"","background-repeat":"repeat","background-position":"center center","background-size":"auto","background-attachment":"scroll","background-type":"","background-media":"","overlay-type":"","overlay-color":"","overlay-opacity":"","overlay-gradient":""}},"_themeisle_gutenberg_block_has_review":false,"footnotes":""},"class_list":["post-46","page","type-page","status-publish","hentry"],"_links":{"self":[{"href":"https:\/\/cibx.de\/en\/wp-json\/wp\/v2\/pages\/46","targetHints":{"allow":["GET"]}}],"collection":[{"href":"https:\/\/cibx.de\/en\/wp-json\/wp\/v2\/pages"}],"about":[{"href":"https:\/\/cibx.de\/en\/wp-json\/wp\/v2\/types\/page"}],"author":[{"embeddable":true,"href":"https:\/\/cibx.de\/en\/wp-json\/wp\/v2\/users\/1"}],"replies":[{"embeddable":true,"href":"https:\/\/cibx.de\/en\/wp-json\/wp\/v2\/comments?post=46"}],"version-history":[{"count":18,"href":"https:\/\/cibx.de\/en\/wp-json\/wp\/v2\/pages\/46\/revisions"}],"predecessor-version":[{"id":15644,"href":"https:\/\/cibx.de\/en\/wp-json\/wp\/v2\/pages\/46\/revisions\/15644"}],"wp:attachment":[{"href":"https:\/\/cibx.de\/en\/wp-json\/wp\/v2\/media?parent=46"}],"curies":[{"name":"wp","href":"https:\/\/api.w.org\/{rel}","templated":true}]}}